{"id":449,"date":"2022-08-11T15:30:39","date_gmt":"2022-08-11T15:30:39","guid":{"rendered":"https:\/\/www.somseniors.com\/?page_id=449"},"modified":"2022-12-07T17:34:21","modified_gmt":"2022-12-07T17:34:21","slug":"estilo-de-vida-de-las-personas-mayores","status":"publish","type":"page","link":"https:\/\/www.somseniors.com\/web_es\/estilo-de-vida-de-las-personas-mayores\/","title":{"rendered":"Estilo de vida de las personas mayores"},"content":{"rendered":"\n<figure class=\"wp-block-image size-large\"><img loading=\"lazy\" decoding=\"async\" width=\"1024\" height=\"196\" src=\"https:\/\/www.somseniors.com\/web_es\/wp-content\/uploads\/2022\/12\/Captura-de-pantalla-2022-12-07-a-las-17.10.21-1024x196.png\" alt=\"\" class=\"wp-image-757\" srcset=\"https:\/\/www.somseniors.com\/web_es\/wp-content\/uploads\/2022\/12\/Captura-de-pantalla-2022-12-07-a-las-17.10.21-1024x196.png 1024w, https:\/\/www.somseniors.com\/web_es\/wp-content\/uploads\/2022\/12\/Captura-de-pantalla-2022-12-07-a-las-17.10.21-300x57.png 300w, https:\/\/www.somseniors.com\/web_es\/wp-content\/uploads\/2022\/12\/Captura-de-pantalla-2022-12-07-a-las-17.10.21-768x147.png 768w, https:\/\/www.somseniors.com\/web_es\/wp-content\/uploads\/2022\/12\/Captura-de-pantalla-2022-12-07-a-las-17.10.21-1536x294.png 1536w, https:\/\/www.somseniors.com\/web_es\/wp-content\/uploads\/2022\/12\/Captura-de-pantalla-2022-12-07-a-las-17.10.21.png 1776w\" sizes=\"auto, (max-width: 1024px) 100vw, 1024px\" \/><\/figure>\n\n\n\n<figure class=\"wp-block-image size-large\"><img loading=\"lazy\" decoding=\"async\" width=\"724\" height=\"1024\" src=\"https:\/\/www.somseniors.com\/web_es\/wp-content\/uploads\/2022\/12\/kkk-copia_Mesa-de-trabajo-1-copia-2-724x1024.jpg\" alt=\"\" class=\"wp-image-758\" srcset=\"https:\/\/www.somseniors.com\/web_es\/wp-content\/uploads\/2022\/12\/kkk-copia_Mesa-de-trabajo-1-copia-2-724x1024.jpg 724w, https:\/\/www.somseniors.com\/web_es\/wp-content\/uploads\/2022\/12\/kkk-copia_Mesa-de-trabajo-1-copia-2-212x300.jpg 212w, https:\/\/www.somseniors.com\/web_es\/wp-content\/uploads\/2022\/12\/kkk-copia_Mesa-de-trabajo-1-copia-2-768x1086.jpg 768w, https:\/\/www.somseniors.com\/web_es\/wp-content\/uploads\/2022\/12\/kkk-copia_Mesa-de-trabajo-1-copia-2-1086x1536.jpg 1086w, https:\/\/www.somseniors.com\/web_es\/wp-content\/uploads\/2022\/12\/kkk-copia_Mesa-de-trabajo-1-copia-2-1448x2048.jpg 1448w, https:\/\/www.somseniors.com\/web_es\/wp-content\/uploads\/2022\/12\/kkk-copia_Mesa-de-trabajo-1-copia-2-scaled.jpg 1811w\" sizes=\"auto, (max-width: 724px) 100vw, 724px\" \/><\/figure>\n\n\n\n<blockquote class=\"wp-block-quote is-layout-flow wp-block-quote-is-layout-flow\">\n<p><strong>Potenciar envejecer con derechos, envejecer con dignidad y envejecer participando<\/strong><\/p>\n<cite><em>grandesamigos.org<\/em><\/cite><\/blockquote>\n\n\n\n<div class=\"wp-block-columns alignwide cripto is-layout-flex wp-container-core-columns-is-layout-9d6595d7 wp-block-columns-is-layout-flex\">\n<div class=\"wp-block-column has-pale-pink-background-color has-text-color has-background has-link-color wp-elements-7460b7d72bef8cfe720be051e0715d66 is-layout-flow wp-block-column-is-layout-flow\" style=\"color:#000000;padding-top:2em;padding-right:2em;padding-bottom:2em;padding-left:2em\">\n<h2 class=\"wp-block-heading\" id=\"single\" style=\"font-size:40px\">\u274c Ver a las personas mayores como una carga: sanidad, pensiones&#8230; <\/h2>\n\n\n\n<p class=\"has-normal-font-size\" style=\"line-height:1.5\"><strong><strong>Las personas mayores son una <strong>carga social por el sistema sanitario y econ\u00f3mico.<\/strong><\/strong><\/strong><\/p>\n\n\n\n<p>La sociedad da valor a estar activo, tener \u00e9xito en la vida, asumir retos, estar ocupado\/a&#8230;<\/p>\n\n\n\n<p>Pero dejar de trabajar es como desaparecer de la sociedad, como si&nbsp; las personas mayores se vuelvan invisibles, como si su rol en la sociedad no fuera lo suficientemente relevante cuando ya no son personas productivas a nivel laboral.<\/p>\n\n\n\n<p>Se reprocha que cada vez hay m\u00e1s personas mayores, lo que supone un incremento de los gastos en sanidad, hay m\u00e1s personas que necesitan atenci\u00f3n m\u00e9dica, medicamentos y adem\u00e1s hay que pagarles las pensiones. <\/p>\n\n\n\n<p>El Estado se refiere a los pensionista como <em>Clases Pasivas<\/em>, cuando podr\u00eda mencionarlas sin connotaciones descalificadoras, podr\u00eda referirse a la jubilaci\u00f3n o las \u201cprestaciones sociales\u201d dedicadas a las personas de 65 o m\u00e1s a\u00f1os.<\/p>\n<\/div>\n\n\n\n<div class=\"wp-block-column has-light-green-cyan-background-color has-text-color has-background has-link-color wp-elements-048dd2eca5812625299dbe88c9656e20 is-layout-flow wp-block-column-is-layout-flow\" style=\"color:#000000;padding-top:2em;padding-right:2em;padding-bottom:2em;padding-left:2em\">\n<h2 class=\"wp-block-heading\" id=\"family\" style=\"font-size:40px\">\u2705 Valorar la participaci\u00f3n de las personas mayores en la familia y en la sociedad<\/h2>\n\n\n\n<p class=\"has-normal-font-size\" style=\"line-height:1.5\"><strong>Las personas mayores aunque no desarrollen una actividad remunerada, <strong>participan con sus familias y en la sociedad<\/strong>, con aportaciones m\u00faltiples y un papel bastante activo.<\/strong><\/p>\n\n\n\n<p>Seg\u00fan el <em>Consejo Asesor de las Personas Mayores <\/em>de Barcelona, las personas mayores mantienen una importante actividad contributiva en diferentes \u00e1mbitos:<\/p>\n\n\n\n<p><strong>\u00c1mbito familiar<\/strong>. Ayudan a criar a nietos\/as, cobijan hijos\/as cuando es necesario, cuidan de familiares enfermos&#8230; dan apoyo emocional y econ\u00f3mico a familiares cuando lo necesitan, en muchas ocasiones son las personas sustentadoras de la familia.<\/p>\n\n\n\n<p><strong>\u00c1mbito social<\/strong>. Algunas personas mayores realizan un trabajo solidario de apoyo social: acompa\u00f1ando a personas que viven solas, atendiendo a comedores sociales, colaboran con una gran diversidad de entidades y proyectos tanto de tipos social como cultural.<\/p>\n\n\n\n<p>Tambi\u00e9n contribuyen participando en asociaciones, transmiten la sabidur\u00eda acumulada a trav\u00e9s de sesiones de mentoring, etc. <\/p>\n\n\n\n<p>Es necesario potenciar la <strong>generatividad<\/strong>, la capacidad que tienen las personas para guiar y asegurar el bienestar de las siguientes generaciones a trav\u00e9s de aportaciones en los entornos donde viven y participan.<\/p>\n<\/div>\n<\/div>\n\n\n\n<div class=\"wp-block-columns alignwide is-layout-flex wp-container-core-columns-is-layout-9d6595d7 wp-block-columns-is-layout-flex\">\n<div class=\"wp-block-column has-pale-pink-background-color has-text-color has-background has-link-color wp-elements-ac11610cabf7ad9ab9344e04327eb0c3 is-layout-flow wp-block-column-is-layout-flow\" style=\"color:#000000;padding-top:2em;padding-right:2em;padding-bottom:2em;padding-left:2em\">\n<h2 class=\"wp-block-heading\" id=\"single\" style=\"font-size:40px\">\u274c Afirmar que las personas mayores son un <em>blanco f\u00e1cil <\/em>para robos, estafas, etc.<\/h2>\n\n\n\n<p class=\"has-normal-font-size\" style=\"line-height:1.5\"><strong>Afirmar que las personas mayores son desvalidas y suponen <strong>un blanco f\u00e1cil por robos, estafas, etc<\/strong>.<\/strong><\/p>\n\n\n\n<p>Existe la creencia que las personas mayores son demasiado confiadas, no se saben proteger y acaban siendo un blanco f\u00e1cil por robos, estafas&#8230; lo que supone un problema social importante.<\/p>\n<\/div>\n\n\n\n<div class=\"wp-block-column has-light-green-cyan-background-color has-text-color has-background has-link-color wp-elements-a570ed6e36c17e5e6650612e13e68f85 is-layout-flow wp-block-column-is-layout-flow\" style=\"color:#000000;padding-top:2em;padding-right:2em;padding-bottom:2em;padding-left:2em\">\n<h2 class=\"wp-block-heading\" id=\"family\" style=\"font-size:40px\">\u2705 Reconocer que nadie est\u00e1 libre de ser estafado, robado&#8230; son problem\u00e1ticas sociales que pueden afectar a cualquiera<\/h2>\n\n\n\n<p class=\"has-normal-font-size\" style=\"line-height:1.5\"><strong>Reconocer que <strong>nadie est\u00e1 libre de ser estafado, robado&#8230; son problem\u00e1ticas sociales que pueden afectar a cualquiera<\/strong><\/strong><\/p>\n\n\n\n<p>Seg\u00fan el Ministerio del Interior, en Espa\u00f1a en el 1r trimestre de 2022 destacan los delitos inform\u00e1ticos (60,5%) y los hurtos (51,4%).<\/p>\n\n\n\n<p>Tambi\u00e9n preocupan los homicidios (21,3%) y los delitos sexuales (21,6%). Con una incidencia menor, est\u00e1n el tr\u00e1fico de drogas y los robos.<\/p>\n\n\n\n<p>El segmento de edad con mayor incidencia es de 35 a 44 a\u00f1os (23%), tienen una problem\u00e1tica similar las edades de 25 a 34 a\u00f1os y de 45 a 54 a\u00f1os (19,6%), el siguiente perfil afectado es de 55 a 64 a\u00f1os (11,9%), de 18 a 24 a\u00f1os (11,6%) y con 65 o m\u00e1s a\u00f1os (9,9%) es donde hay menor incidencia. Queda demostrado que se trata de una problem\u00e1tica social que afecta a toda la poblaci\u00f3n, no s\u00f3lo a las personas mayores de 65 a\u00f1os.<\/p>\n<\/div>\n<\/div>\n\n\n\n<div class=\"wp-block-columns alignwide is-layout-flex wp-container-core-columns-is-layout-9d6595d7 wp-block-columns-is-layout-flex\">\n<div class=\"wp-block-column has-pale-pink-background-color has-text-color has-background has-link-color wp-elements-8399d7de0d63e50cb4989253a3bf1f8e is-layout-flow wp-block-column-is-layout-flow\" style=\"color:#000000;padding-top:2em;padding-right:2em;padding-bottom:2em;padding-left:2em\">\n<h2 class=\"wp-block-heading\" id=\"single\" style=\"font-size:40px\">\u274c Juzgar a las personas mayores como incapaces de adaptarse a los cambios<\/h2>\n\n\n\n<p class=\"has-normal-font-size\" style=\"line-height:1.5\"><strong>Juzgar a las personas mayores como <strong>poco capaces de adaptarse a los cambios<\/strong><\/strong><\/p>\n\n\n\n<p>Existe la tendencia a pensar que las personas mayores se quedan estancadas, no pueden adaptarse a las nuevas situaciones, incluso se niegan a cambiar, cierran la puerta a las novedades porque s\u00f3lo se sienten seguras con lo que conocen, por lo que les cuesta mucho aprender cosas nuevas.<\/p>\n<\/div>\n\n\n\n<div class=\"wp-block-column has-light-green-cyan-background-color has-text-color has-background has-link-color wp-elements-c213e9d02fbad202a96dd8543c2f5499 is-layout-flow wp-block-column-is-layout-flow\" style=\"color:#000000;padding-top:2em;padding-right:2em;padding-bottom:2em;padding-left:2em\">\n<h2 class=\"wp-block-heading\" id=\"family\" style=\"font-size:40px\">\u2705 Tomar conciencia que a cualquier persona le cuesta salir de su zona de confort<\/h2>\n\n\n\n<p class=\"has-normal-font-size\" style=\"line-height:1.5\"><strong><strong><strong>Tomar conciencia que a cualquier persona le cuesta salir de su zona de confort<\/strong>, todo depende de la forma de ser de cada uno.<\/strong><\/strong><\/p>\n\n\n\n<p>Se envejece tal como se ha vivido, de manera que tanto el car\u00e1cter como la personalidad se mantienen a lo largo del envejecimiento.<\/p>\n\n\n\n<p>Todas las personas tenemos un cierto rechazo a los cambios, a cualquiera le puede costar salir de nuestra zona de confort, nos puede resultar dif\u00edcil adaptarnos a las nuevas situaciones porque requieren un esfuerzo, ya que comporta modificar lo que hacemos de forma automatizada y sin pensar .<\/p>\n\n\n\n<p>Las personas mayores durante el covid han demostrado su capacidad de resiliencia, adapt\u00e1ndose y superando las contrariedades que iban encontrando durante la pandemia. <\/p>\n\n\n\n<p>Para asumir nuevos retos solo se necesita una actitud positiva y motivaci\u00f3n para hacer lo que nos gusta.<\/p>\n<\/div>\n<\/div>\n\n\n\n<div class=\"wp-block-columns alignwide is-layout-flex wp-container-core-columns-is-layout-9d6595d7 wp-block-columns-is-layout-flex\">\n<div class=\"wp-block-column has-pale-pink-background-color has-text-color has-background has-link-color wp-elements-fbe3d96c42fa0603d3f17ca717b3d81d is-layout-flow wp-block-column-is-layout-flow\" style=\"color:#000000;padding-top:2em;padding-right:2em;padding-bottom:2em;padding-left:2em\">\n<h2 class=\"wp-block-heading\" id=\"single\" style=\"font-size:40px\">\u274c Ver la vida de las personas mayores como poco interesante<\/h2>\n\n\n\n<p class=\"has-normal-font-size\" style=\"line-height:1.5\"><strong>Ver la vida de las personas mayores como <strong>poco interesante.<\/strong><\/strong><\/p>\n\n\n\n<p>Se tiene la creencia de que las personas mayores acostumbran a pasar mucho tiempo en casa, llevan un ritmo de vida mon\u00f3tono, todo se repiten d\u00eda tras d\u00eda, viven en un mundo poco estimulante&#8230; <\/p>\n\n\n\n<p>Pero s\u00f3lo son prejuicios que estigmatizan a un segmento heterog\u00e9neo y diverso de personas.<\/p>\n<\/div>\n\n\n\n<div class=\"wp-block-column has-light-green-cyan-background-color has-text-color has-background has-link-color wp-elements-cb740f20f71598b18dbafd06de4e9975 is-layout-flow wp-block-column-is-layout-flow\" style=\"color:#000000;padding-top:2em;padding-right:2em;padding-bottom:2em;padding-left:2em\">\n<h2 class=\"wp-block-heading\" id=\"family\" style=\"font-size:40px\">\u2705 Considerar que las personas mayores pueden disfrutar de una vida satisfactoria como cualquier otra persona<\/h2>\n\n\n\n<p class=\"has-normal-font-size\" style=\"line-height:1.5\"><strong>Considerar que las personas mayores <strong>pueden disfrutar de una vida satisfactoria como cualquier otra persona<\/strong><\/strong>.<\/p>\n\n\n\n<p>La diversi\u00f3n no tienen edad.<\/p>\n\n\n\n<p>Actualmente, existen evidencias cient\u00edficas que afirman que las personas mayores consiguen niveles de satisfacci\u00f3n superiores a los alcanzados en otras edades, ya que tienen ganas de disfrutar de la vida y disponen de muchas opciones para pasarlo bien: practicar ejercicio, viajar, estudiar, compartir actividades con la familia y las amistades, etc. <\/p>\n\n\n\n<p>Evidentemente, estos niveles de satisfacci\u00f3n est\u00e1n relacionados con mantener una aceptable salud f\u00edsica y mental, adem\u00e1s de una vida social activa.<\/p>\n<\/div>\n<\/div>\n\n\n\n<div class=\"wp-block-columns alignwide is-layout-flex wp-container-core-columns-is-layout-9d6595d7 wp-block-columns-is-layout-flex\">\n<div class=\"wp-block-column has-pale-pink-background-color has-text-color has-background has-link-color wp-elements-ad29e6a810bd7910fb856614755cff8e is-layout-flow wp-block-column-is-layout-flow\" style=\"color:#000000;padding-top:2em;padding-right:2em;padding-bottom:2em;padding-left:2em\">\n<h2 class=\"wp-block-heading\" id=\"single\" style=\"font-size:40px\">\u274c Pensar que las personas mayores son asexuadas<\/h2>\n\n\n\n<p><strong><strong>Pensar que las personas mayores son asexuadas<\/strong>, han perdido el inter\u00e9s y la capacidad por el sexo.<\/strong><\/p>\n\n\n\n<p>La sociedad piensa que la vejez es un per\u00edodo donde la actividad sexual disminuye o desaparece del todo.<\/p>\n\n\n\n<p>Las personas mayores pueden creer que a su edad ya no es normal sentir deseo sexual y pueden experimentar sentimientos de culpabilidad o verg\u00fcenza ante sus deseos.<\/p>\n\n\n\n<p>Las creencias sociales dan a entender que si son personas activas y muestran inter\u00e9s sexual, pueden ser criticados por querer una actividad que, a su edad, ya no les corresponde, est\u00e1 mal visto tener vida sexual cuando eres mayor.<\/p>\n\n\n\n<p>A medida que envejecemos, los cuerpos cambian, algunas personas no se sienten c\u00f3modas con su cuerpo, pueden dejar de encontrarse atractivos\/as, teniendo menos probabilidades de expresar sus deseos sexuales por el temor a ser rechazados\/as.<\/p>\n\n\n\n<p>Las personas LGBTI acumula experiencias discriminatorias al envejecer (adem\u00e1s de la edad, por su orientaci\u00f3n sexual), asociadas a una sexualidad culpable, sinti\u00e9ndose presionadas a ocultar su identidad y haci\u00e9ndolas m\u00e1s invisibles socialmente por razones morales. Las personas LGTBI mayores pueden acentuar los temores a no ser aceptadas, a ser juzgadas y excluidas por la sociedad.<\/p>\n<\/div>\n\n\n\n<div class=\"wp-block-column has-light-green-cyan-background-color has-text-color has-background has-link-color wp-elements-1c599b367dbc0e6638bb9117dfcb886d is-layout-flow wp-block-column-is-layout-flow\" style=\"color:#000000;padding-top:2em;padding-right:2em;padding-bottom:2em;padding-left:2em\">\n<h2 class=\"wp-block-heading\" id=\"family\" style=\"font-size:40px\">\u2705 Considerar que las personas mayores disfrutan del sexo como cualquiera persona<\/h2>\n\n\n\n<p><strong>Considerar que <strong>las personas mayores disfrutan del sexo como cualquiera persona.<\/strong><\/strong><\/p>\n\n\n\n<p>La salud puede afectar a la sexualidad de las personas, pero no la edad. El amor no tiene edad, tampoco el sexo.<\/p>\n\n\n\n<p>La sexualidad no s\u00f3lo est\u00e1 relacionada con el acto sexual, sino que existen otras formas de disfrutar de las relaciones amorosas.<\/p>\n\n\n\n<p>Adem\u00e1s, las personas mayores pueden optar por participar o no, en la actividad sexual, no es obligatorio. La Federaci\u00f3n Estatal de Lesbianas, Gays, Trans y Bisexuales (FELGTBI) defiende la necesidad de que los servicios sociales dirigidos a las personas mayores respeten la diversidad sexual y de g\u00e9nero, para avanzar hacia modelos de equipamientos m\u00e1s inclusivos, que promuevan, en todo momento, el envejecimiento activo y que tengan en cuenta todas las diversidades.<\/p>\n<\/div>\n<\/div>\n\n\n\n<div class=\"wp-block-columns is-layout-flex wp-container-core-columns-is-layout-9d6595d7 wp-block-columns-is-layout-flex\">\n<div class=\"wp-block-column is-layout-flow wp-block-column-is-layout-flow\" style=\"flex-basis:100%\">\n<div class=\"wp-block-buttons hidden is-layout-flex wp-block-buttons-is-layout-flex\">\n<div class=\"wp-block-button\"><a class=\"wp-block-button__link has-white-color has-vivid-purple-background-color has-text-color has-background wp-element-button\" href=\"https:\/\/www.somseniors.com\/web_es\/convencionalismos-sociales\/\">Convencionalismos sociales<\/a><\/div>\n\n\n\n<div class=\"wp-block-button\"><a class=\"wp-block-button__link has-white-color has-text-color has-background wp-element-button\" href=\"https:\/\/www.somseniors.com\/web_es\/la-salud-y-las-personas-mayores\/\" style=\"background-color:#08851b\">Salud<\/a><\/div>\n\n\n\n<div class=\"wp-block-button\"><a class=\"wp-block-button__link has-white-color has-luminous-vivid-orange-background-color has-text-color has-background wp-element-button\" href=\"https:\/\/www.somseniors.com\/web_es\/estilo-de-vida-de-las-personas-mayores\/\">Estilo de vida<\/a><\/div>\n\n\n\n<div class=\"wp-block-button\"><a class=\"wp-block-button__link has-white-color has-vivid-cyan-blue-background-color has-text-color has-background wp-element-button\" href=\"https:\/\/www.somseniors.com\/web_es\/desarrollo-cognitivo-de-las-persones-mayores\/\">Desarrollo cognitivo<\/a><\/div>\n\n\n\n<div class=\"wp-block-button\"><a class=\"wp-block-button__link has-white-color has-vivid-red-background-color has-text-color has-background wp-element-button\" href=\"https:\/\/www.somseniors.com\/web_es\/desarrollo-emocional-de-las-personas-mayores\/\">Desarrollo emocional<\/a><\/div>\n<\/div>\n<\/div>\n<\/div>\n\n\n\n<p><\/p>\n","protected":false},"excerpt":{"rendered":"<p>Potenciar envejecer con derechos, envejecer con dignidad y envejecer participando grandesamigos.org \u274c Ver a las personas mayores como una carga: sanidad, pensiones&#8230; Las personas mayores son una carga social por el sistema sanitario y econ\u00f3mico. La sociedad da valor a &hellip; <\/p>\n","protected":false},"author":2,"featured_media":0,"parent":0,"menu_order":0,"comment_status":"closed","ping_status":"closed","template":"","meta":{"footnotes":""},"class_list":["post-449","page","type-page","status-publish","hentry"],"_links":{"self":[{"href":"https:\/\/www.somseniors.com\/web_es\/wp-json\/wp\/v2\/pages\/449","targetHints":{"allow":["GET"]}}],"collection":[{"href":"https:\/\/www.somseniors.com\/web_es\/wp-json\/wp\/v2\/pages"}],"about":[{"href":"https:\/\/www.somseniors.com\/web_es\/wp-json\/wp\/v2\/types\/page"}],"author":[{"embeddable":true,"href":"https:\/\/www.somseniors.com\/web_es\/wp-json\/wp\/v2\/users\/2"}],"replies":[{"embeddable":true,"href":"https:\/\/www.somseniors.com\/web_es\/wp-json\/wp\/v2\/comments?post=449"}],"version-history":[{"count":8,"href":"https:\/\/www.somseniors.com\/web_es\/wp-json\/wp\/v2\/pages\/449\/revisions"}],"predecessor-version":[{"id":786,"href":"https:\/\/www.somseniors.com\/web_es\/wp-json\/wp\/v2\/pages\/449\/revisions\/786"}],"wp:attachment":[{"href":"https:\/\/www.somseniors.com\/web_es\/wp-json\/wp\/v2\/media?parent=449"}],"curies":[{"name":"wp","href":"https:\/\/api.w.org\/{rel}","templated":true}]}}